{"id":65,"date":"2022-01-28T07:43:26","date_gmt":"2022-01-28T06:43:26","guid":{"rendered":"https:\/\/dgsport.eu\/?page_id=65"},"modified":"2024-05-14T16:05:33","modified_gmt":"2024-05-14T14:05:33","slug":"accueil","status":"publish","type":"page","link":"https:\/\/dgsport.eu\/en\/","title":{"rendered":"Accueil"},"content":{"rendered":"","protected":false},"excerpt":{"rendered":"","protected":false},"author":2,"featured_media":0,"parent":0,"menu_order":0,"comment_status":"closed","ping_status":"closed","template":"","meta":{"_acf_changed":false,"footnotes":""},"class_list":["post-65","page","type-page","status-publish","hentry"],"acf":{"flex_content":false,"header_title":"DG SPORT ","header_text":"<p>PASSION IN MOTION<\/p>\n","header_type":"slider","slider":[{"ID":429,"id":429,"title":"20230611 SPAITALIA 001","filename":"20230611_SPAITALIA_001-scaled-e1715694672484.jpg","filesize":830398,"url":"https:\/\/dgsport.eu\/wp-content\/uploads\/sites\/16\/20230611_SPAITALIA_001-scaled-e1715694672484.jpg","link":"https:\/\/dgsport.eu\/en\/accueil\/20230611_spaitalia_001\/","alt":"","author":"2","description":"","caption":"","name":"20230611_spaitalia_001","status":"inherit","uploaded_to":65,"date":"2024-05-14 13:50:39","modified":"2024-05-14 13:51:15","menu_order":0,"mime_type":"image\/jpeg","type":"image","subtype":"jpeg","icon":"https:\/\/dgsport.eu\/wp-includes\/images\/media\/default.png","width":2560,"height":1147,"sizes":{"thumbnail":"https:\/\/dgsport.eu\/wp-content\/uploads\/sites\/16\/20230611_SPAITALIA_001-scaled-e1715694672484-150x150.jpg","thumbnail-width":150,"thumbnail-height":150,"medium":"https:\/\/dgsport.eu\/wp-content\/uploads\/sites\/16\/20230611_SPAITALIA_001-scaled-e1715694672484-300x134.jpg","medium-width":300,"medium-height":134,"large":"https:\/\/dgsport.eu\/wp-content\/uploads\/sites\/16\/20230611_SPAITALIA_001-scaled-e1715694672484-1024x459.jpg","large-width":1024,"large-height":459}},{"ID":413,"id":413,"title":"6hmoto 0503","filename":"6hmoto_0503-scaled-e1715695498469.jpg","filesize":274611,"url":"https:\/\/dgsport.eu\/wp-content\/uploads\/sites\/16\/6hmoto_0503-scaled-e1715695498469.jpg","link":"https:\/\/dgsport.eu\/en\/accueil\/6hmoto_0503\/","alt":"","author":"2","description":"","caption":"","name":"6hmoto_0503","status":"inherit","uploaded_to":65,"date":"2024-05-14 13:48:48","modified":"2024-05-14 14:05:01","menu_order":0,"mime_type":"image\/jpeg","type":"image","subtype":"jpeg","icon":"https:\/\/dgsport.eu\/wp-includes\/images\/media\/default.png","width":2560,"height":1164,"sizes":{"thumbnail":"https:\/\/dgsport.eu\/wp-content\/uploads\/sites\/16\/6hmoto_0503-scaled-e1715695498469-150x150.jpg","thumbnail-width":150,"thumbnail-height":150,"medium":"https:\/\/dgsport.eu\/wp-content\/uploads\/sites\/16\/6hmoto_0503-scaled-e1715695498469-300x136.jpg","medium-width":300,"medium-height":136,"large":"https:\/\/dgsport.eu\/wp-content\/uploads\/sites\/16\/6hmoto_0503-scaled-e1715695498469-1024x466.jpg","large-width":1024,"large-height":466}},{"ID":425,"id":425,"title":"JGO 6707","filename":"JGO_6707-scaled-e1715695514344.jpg","filesize":137007,"url":"https:\/\/dgsport.eu\/wp-content\/uploads\/sites\/16\/JGO_6707-scaled-e1715695514344.jpg","link":"https:\/\/dgsport.eu\/en\/accueil\/jgo_6707\/","alt":"","author":"2","description":"","caption":"","name":"jgo_6707","status":"inherit","uploaded_to":65,"date":"2024-05-14 13:50:34","modified":"2024-05-14 14:05:16","menu_order":0,"mime_type":"image\/jpeg","type":"image","subtype":"jpeg","icon":"https:\/\/dgsport.eu\/wp-includes\/images\/media\/default.png","width":2560,"height":1216,"sizes":{"thumbnail":"https:\/\/dgsport.eu\/wp-content\/uploads\/sites\/16\/JGO_6707-scaled-e1715695514344-150x150.jpg","thumbnail-width":150,"thumbnail-height":150,"medium":"https:\/\/dgsport.eu\/wp-content\/uploads\/sites\/16\/JGO_6707-scaled-e1715695514344-300x143.jpg","medium-width":300,"medium-height":143,"large":"https:\/\/dgsport.eu\/wp-content\/uploads\/sites\/16\/JGO_6707-scaled-e1715695514344-1024x486.jpg","large-width":1024,"large-height":486}},{"ID":421,"id":421,"title":"Essais SAMEDIbikersfestival136","filename":"essais_SAMEDIbikersfestival136.jpg","filesize":267881,"url":"https:\/\/dgsport.eu\/wp-content\/uploads\/sites\/16\/essais_SAMEDIbikersfestival136.jpg","link":"https:\/\/dgsport.eu\/en\/accueil\/essais_samedibikersfestival136\/","alt":"","author":"2","description":"","caption":"","name":"essais_samedibikersfestival136","status":"inherit","uploaded_to":65,"date":"2024-05-14 13:48:54","modified":"2024-05-14 13:48:54","menu_order":0,"mime_type":"image\/jpeg","type":"image","subtype":"jpeg","icon":"https:\/\/dgsport.eu\/wp-includes\/images\/media\/default.png","width":2000,"height":1333,"sizes":{"thumbnail":"https:\/\/dgsport.eu\/wp-content\/uploads\/sites\/16\/essais_SAMEDIbikersfestival136-150x150.jpg","thumbnail-width":150,"thumbnail-height":150,"medium":"https:\/\/dgsport.eu\/wp-content\/uploads\/sites\/16\/essais_SAMEDIbikersfestival136-300x200.jpg","medium-width":300,"medium-height":200,"large":"https:\/\/dgsport.eu\/wp-content\/uploads\/sites\/16\/essais_SAMEDIbikersfestival136-1024x682.jpg","large-width":1024,"large-height":682}},{"ID":417,"id":417,"title":"20230910 SpaAsia Web 189 E1709637927333 1024x517","filename":"20230910_SpaAsia_Web_189-e1709637927333-1024x517-1-e1715695528343.jpg","filesize":53050,"url":"https:\/\/dgsport.eu\/wp-content\/uploads\/sites\/16\/20230910_SpaAsia_Web_189-e1709637927333-1024x517-1-e1715695528343.jpg","link":"https:\/\/dgsport.eu\/en\/accueil\/20230910_spaasia_web_189-e1709637927333-1024x517\/","alt":"","author":"2","description":"","caption":"","name":"20230910_spaasia_web_189-e1709637927333-1024x517","status":"inherit","uploaded_to":65,"date":"2024-05-14 13:48:52","modified":"2024-05-14 14:05:31","menu_order":0,"mime_type":"image\/jpeg","type":"image","subtype":"jpeg","icon":"https:\/\/dgsport.eu\/wp-includes\/images\/media\/default.png","width":1024,"height":351,"sizes":{"thumbnail":"https:\/\/dgsport.eu\/wp-content\/uploads\/sites\/16\/20230910_SpaAsia_Web_189-e1709637927333-1024x517-1-e1715695528343-150x150.jpg","thumbnail-width":150,"thumbnail-height":150,"medium":"https:\/\/dgsport.eu\/wp-content\/uploads\/sites\/16\/20230910_SpaAsia_Web_189-e1709637927333-1024x517-1-e1715695528343-300x103.jpg","medium-width":300,"medium-height":103,"large":"https:\/\/dgsport.eu\/wp-content\/uploads\/sites\/16\/20230910_SpaAsia_Web_189-e1709637927333-1024x517-1-e1715695528343.jpg","large-width":1024,"large-height":351}}],"start_intro_title":"News 2024","start_intro":"<div>\n<p align=\"center\"><strong>PHA a d\u00e9cid\u00e9 de collaborer avec DG Sport pour cette \u00e9dition des 8 Heures de Spa Motos les 7 et 8 Juin 2024!<\/strong><\/p>\n<p align=\"center\"><img decoding=\"async\" class=\"alignnone size-medium wp-image-371\" src=\"https:\/\/dgsport.eu\/wp-content\/uploads\/sites\/16\/000983885Fim_Ewc_24H_Spa_2023_FCC-TSR-Honda-France-300x200.jpg\" alt=\"\" width=\"300\" height=\"200\" srcset=\"https:\/\/dgsport.eu\/wp-content\/uploads\/sites\/16\/000983885Fim_Ewc_24H_Spa_2023_FCC-TSR-Honda-France-300x200.jpg 300w, https:\/\/dgsport.eu\/wp-content\/uploads\/sites\/16\/000983885Fim_Ewc_24H_Spa_2023_FCC-TSR-Honda-France-1024x683.jpg 1024w\" sizes=\"(max-width: 300px) 100vw, 300px\" \/><\/p>\n<\/div>\n<div>\n<p>\u00a0Faire grandir les 8 Heures de Spa Motos, un d\u00e9fi que DG Sport est bien d\u00e9cid\u00e9 \u00e0 relever!<\/p>\n<\/div>\n<div>\n<p><em>\u00ab Nous sommes convaincus que cette dur\u00e9e de 8 heures constitue le sch\u00e9ma id\u00e9al pour la manche belge du FIM EWC<\/em>, commente Christian Jupsin, fondateur de DG Sport.<span class=\"apple-converted-space\">\u00a0<\/span><em>En unissant le savoir-faire de PHA et de DG Sport, tous les ingr\u00e9dients sont r\u00e9unis pour que cette \u00e9tape du championnat du monde soit synonyme de grand succ\u00e8s. \u00bb<\/em><\/p>\n<\/div>\n<div>\n<p><em>\u00a0\u00ab PHA s&#8217;appuiera sur le savoir des \u00e9quipes de DG Sport mais \u00e9galement sur leur grande connaissance du territoire. Les 8 Heures de Spa seront suivies le dimanche 09 juin par un trackday moto un peu sp\u00e9cial. En effet quelques top pilotes du championnat EWC resteront le dimanche pour jouer le r\u00f4le de coach avec les participants ! Nous avons d\u00e9cid\u00e9 de\u00a0confier l&#8217;organisation de cette journ\u00e9e \u00e0 DG Sport, qui a d&#8217;ailleurs int\u00e9gr\u00e9 la date \u00e0 son calendrier des Bikers&#8217;Days. 2 tickets pour les 8Heures de Spa seront offerts \u00e0 chaque participant\u00a0\u00bb,<\/em><span class=\"apple-converted-space\"><i>\u00a0<\/i><\/span>pr\u00e9cise Claude Michy.<\/p>\n<\/div>\n<div>\n<p>DG Sport et les \u00e9v\u00e9nements centr\u00e9s sur la moto, c\u2019est une longue histoire ! Passion et expertise permettent en effet depuis un quart de si\u00e8cle \u00e0 la soci\u00e9t\u00e9 de Theux de mettre sur pied des Bikers\u2019Days sur le Circuit de Spa-Francorchamps, mais aussi sur d\u2019autres trac\u00e9s prestigieux fr\u00e9quent\u00e9s par le MotoGP ! Quant aux 6 Heures Motos, \u00e9galement sign\u00e9es DG Sport, elles s\u2019imposent comme la plus grande course belge d\u2019endurance moto r\u00e9serv\u00e9e aux \u00e9quipages amateurs.<\/p>\n<\/div>\n<div>\n<p><em>\u00ab Au travers de nos \u00e9v\u00e9nements motos, nous avons le plaisir de compter une importante client\u00e8le de passionn\u00e9s de courses de longue haleine,<\/em><span class=\"apple-converted-space\">\u00a0<\/span>encha\u00eene Florian Jupsin, responsable des \u00e9v\u00e9nements moto chez DG Sport.<span class=\"apple-converted-space\">\u00a0<\/span><em>Les 8 Heures de Spa Motos constitueront en juin prochain un \u00e9v\u00e9nement spectaculaire \u00e0 souhait, qui s\u2019imposera comme le parfait compl\u00e9ment du Bikers\u2019Festival programm\u00e9 en ao\u00fbt. \u00bb\u00a0<\/em><\/p>\n<\/div>\n<div>\n<p>On risque donc de beaucoup parler de ces 8 Heures de Spa Motos au cours des prochains mois, PHA et DG Sport \u00e9tant bien d\u00e9cid\u00e9s \u00e0 mettre tout en oeuvre pour d\u00e9montrer toute l\u2019importance et le prestige de ce qui constitue l\u2019une des quatre manches de la comp\u00e9tition mondiale d\u2019endurance sur deux roues\u2026<\/p>\n<\/div>\n"},"yoast_head":"<!-- This site is optimized with the Yoast SEO plugin v27.4 - https:\/\/yoast.com\/product\/yoast-seo-wordpress\/ -->\n<title>Accueil - DgSport.eu<\/title>\n<meta name=\"robots\" content=\"index, follow, max-snippet:-1, max-image-preview:large, max-video-preview:-1\" \/>\n<link rel=\"canonical\" href=\"https:\/\/dgsport.eu\/en\/\" \/>\n<meta property=\"og:locale\" content=\"en_US\" \/>\n<meta property=\"og:type\" content=\"article\" \/>\n<meta property=\"og:title\" content=\"Accueil - DgSport.eu\" \/>\n<meta property=\"og:url\" content=\"https:\/\/dgsport.eu\/en\/\" \/>\n<meta property=\"og:site_name\" content=\"DgSport.eu\" \/>\n<meta property=\"article:modified_time\" content=\"2024-05-14T14:05:33+00:00\" \/>\n<meta name=\"twitter:card\" content=\"summary_large_image\" \/>\n<script type=\"application\/ld+json\" class=\"yoast-schema-graph\">{\"@context\":\"https:\\\/\\\/schema.org\",\"@graph\":[{\"@type\":\"WebPage\",\"@id\":\"https:\\\/\\\/dgsport.eu\\\/en\\\/\",\"url\":\"https:\\\/\\\/dgsport.eu\\\/en\\\/\",\"name\":\"Accueil - DgSport.eu\",\"isPartOf\":{\"@id\":\"https:\\\/\\\/dgsport.eu\\\/#website\"},\"datePublished\":\"2022-01-28T06:43:26+00:00\",\"dateModified\":\"2024-05-14T14:05:33+00:00\",\"breadcrumb\":{\"@id\":\"https:\\\/\\\/dgsport.eu\\\/en\\\/#breadcrumb\"},\"inLanguage\":\"en-US\",\"potentialAction\":[{\"@type\":\"ReadAction\",\"target\":[\"https:\\\/\\\/dgsport.eu\\\/en\\\/\"]}]},{\"@type\":\"BreadcrumbList\",\"@id\":\"https:\\\/\\\/dgsport.eu\\\/en\\\/#breadcrumb\",\"itemListElement\":[{\"@type\":\"ListItem\",\"position\":1,\"name\":\"Accueil\",\"item\":\"https:\\\/\\\/dgsport.eu\\\/en\\\/\"},{\"@type\":\"ListItem\",\"position\":2,\"name\":\"Accueil\"}]},{\"@type\":\"WebSite\",\"@id\":\"https:\\\/\\\/dgsport.eu\\\/#website\",\"url\":\"https:\\\/\\\/dgsport.eu\\\/\",\"name\":\"DgSport.eu\",\"description\":\"Un site utilisant Les sites de DG Sport\",\"potentialAction\":[{\"@type\":\"SearchAction\",\"target\":{\"@type\":\"EntryPoint\",\"urlTemplate\":\"https:\\\/\\\/dgsport.eu\\\/?s={search_term_string}\"},\"query-input\":{\"@type\":\"PropertyValueSpecification\",\"valueRequired\":true,\"valueName\":\"search_term_string\"}}],\"inLanguage\":\"en-US\"}]}<\/script>\n<!-- \/ Yoast SEO plugin. -->","yoast_head_json":{"title":"Accueil - DgSport.eu","robots":{"index":"index","follow":"follow","max-snippet":"max-snippet:-1","max-image-preview":"max-image-preview:large","max-video-preview":"max-video-preview:-1"},"canonical":"https:\/\/dgsport.eu\/en\/","og_locale":"en_US","og_type":"article","og_title":"Accueil - DgSport.eu","og_url":"https:\/\/dgsport.eu\/en\/","og_site_name":"DgSport.eu","article_modified_time":"2024-05-14T14:05:33+00:00","twitter_card":"summary_large_image","schema":{"@context":"https:\/\/schema.org","@graph":[{"@type":"WebPage","@id":"https:\/\/dgsport.eu\/en\/","url":"https:\/\/dgsport.eu\/en\/","name":"Accueil - DgSport.eu","isPartOf":{"@id":"https:\/\/dgsport.eu\/#website"},"datePublished":"2022-01-28T06:43:26+00:00","dateModified":"2024-05-14T14:05:33+00:00","breadcrumb":{"@id":"https:\/\/dgsport.eu\/en\/#breadcrumb"},"inLanguage":"en-US","potentialAction":[{"@type":"ReadAction","target":["https:\/\/dgsport.eu\/en\/"]}]},{"@type":"BreadcrumbList","@id":"https:\/\/dgsport.eu\/en\/#breadcrumb","itemListElement":[{"@type":"ListItem","position":1,"name":"Accueil","item":"https:\/\/dgsport.eu\/en\/"},{"@type":"ListItem","position":2,"name":"Accueil"}]},{"@type":"WebSite","@id":"https:\/\/dgsport.eu\/#website","url":"https:\/\/dgsport.eu\/","name":"DgSport.eu","description":"Un site utilisant Les sites de DG Sport","potentialAction":[{"@type":"SearchAction","target":{"@type":"EntryPoint","urlTemplate":"https:\/\/dgsport.eu\/?s={search_term_string}"},"query-input":{"@type":"PropertyValueSpecification","valueRequired":true,"valueName":"search_term_string"}}],"inLanguage":"en-US"}]}},"_links":{"self":[{"href":"https:\/\/dgsport.eu\/en\/wp-json\/wp\/v2\/pages\/65","targetHints":{"allow":["GET"]}}],"collection":[{"href":"https:\/\/dgsport.eu\/en\/wp-json\/wp\/v2\/pages"}],"about":[{"href":"https:\/\/dgsport.eu\/en\/wp-json\/wp\/v2\/types\/page"}],"author":[{"embeddable":true,"href":"https:\/\/dgsport.eu\/en\/wp-json\/wp\/v2\/users\/2"}],"replies":[{"embeddable":true,"href":"https:\/\/dgsport.eu\/en\/wp-json\/wp\/v2\/comments?post=65"}],"version-history":[{"count":6,"href":"https:\/\/dgsport.eu\/en\/wp-json\/wp\/v2\/pages\/65\/revisions"}],"predecessor-version":[{"id":439,"href":"https:\/\/dgsport.eu\/en\/wp-json\/wp\/v2\/pages\/65\/revisions\/439"}],"wp:attachment":[{"href":"https:\/\/dgsport.eu\/en\/wp-json\/wp\/v2\/media?parent=65"}],"curies":[{"name":"wp","href":"https:\/\/api.w.org\/{rel}","templated":true}]}}